{"id":53,"date":"2025-02-23T05:58:58","date_gmt":"2025-02-23T04:58:58","guid":{"rendered":"https:\/\/the7.io\/hotel\/?page_id=53"},"modified":"2026-01-20T11:33:54","modified_gmt":"2026-01-20T10:33:54","slug":"ubytovanie","status":"publish","type":"page","link":"https:\/\/www.hotelcitygalanta.sk\/hcg\/ubytovanie\/","title":{"rendered":"Ubytovanie"},"content":{"rendered":"<div class=\"wpb-content-wrapper\"><p>[vc_row css=&#8220;.vc_custom_1741359084301{margin-right: 0px !important;margin-left: 0px !important;}&#8220;][vc_column parallax=&#8220;content-moving&#8220; parallax_image=&#8220;486&#8243; css=&#8220;.vc_custom_1566485295660{margin-top: -60px !important;margin-right: 0px !important;padding-top: 200px !important;padding-right: 0px !important;padding-bottom: 200px !important;}&#8220;]<div id=\"ultimate-heading-791269f479a4e99ae\" class=\"uvc-heading ult-adjust-bottom-margin ultimate-heading-791269f479a4e99ae uvc-7191  uvc-heading-default-font-sizes\" data-hspacer=\"no_spacer\"  data-halign=\"left\" style=\"text-align:left\"><div class=\"uvc-heading-spacer no_spacer\" style=\"top\"><\/div><div class=\"uvc-sub-heading ult-responsive\"  data-ultimate-target='.uvc-heading.ultimate-heading-791269f479a4e99ae .uvc-sub-heading '  data-responsive-json-new='{\"font-size\":\"desktop:17px;\",\"line-height\":\"desktop:28px;\"}'  style=\"font-weight:normal;color:#605956;\"><\/p>\n<h2>Hotelov\u00e1 izba<\/h2>\n<h2>1-l\u00f4\u017ekov\u00e1 aj 2-l\u00f4\u017ekov\u00e1<\/h2>\n<p>Ra\u0148ajky v cene, mo\u017enos\u0165 pr\u00edstelky pre deti, parkovisko v cene, pripojenie na internet prostredn\u00edctvom wifi v cene.<br \/>\nDvojl\u00f4\u017ekov\u00e9 izby m\u00f4\u017eu by\u0165 pod\u013ea V\u00e1\u0161ho \u017eelania s man\u017eelskou poste\u013eou (Double) alebo s oddelen\u00fdmi poste\u013eami (Twin).<br \/>\nKapacita pribli\u017ene 70 host\u00ed.<br \/>\n<strong>Mo\u017enos\u0165 klimatiz\u00e1cie na izbe, podlieha prevereniu.<\/strong><\/p>\n<p>&nbsp;<\/p>\n<hr class=\"wp-block-separator\" \/>\n<h2><\/h2>\n<h2>Family Room<\/h2>\n<p>1-l\u00f4\u017ekov\u00e1 a\u017e 4-l\u00f4\u017ekov\u00e1. Ve\u013ek\u00fd rozmer, ra\u0148ajky v cene, parkovisko v cene, pripojenie na internet prostredn\u00edctvom wifi v cene.<\/div><\/div>[\/vc_column][\/vc_row][vc_row][\/vc_row][vc_row][vc_column][vc_column_text css=&#8220;&#8220;]<\/p>\n<ul class=\"fancy_list\">\n<li class=\"circle_arrow\">Ra\u0148ajky pod\u00e1vame formou bufetu v re\u0161taur\u00e1cii, alebo V\u00e1m ra\u0148ajky, pod\u013ea V\u00e1\u0161ho v\u00fdberu, serv\u00edrujeme na izbe (slu\u017eba m\u00f4\u017ee by\u0165 spoplatnen\u00e1).<\/li>\n<li class=\"circle_arrow\">Ra\u0148ajky vo forme \u0161v\u00e9dskych stolov\u00a0s\u00fa v cene izby.<\/li>\n<li class=\"circle_arrow\">Ubytovan\u00ed hostia maj\u00fa parkovanie v bezprostrednej bl\u00edzkosti hotela zdarma.<\/li>\n<li class=\"circle_arrow\">Bezplatne pon\u00fakame: mal\u00fa kni\u017enicu kn\u00edh svetov\u00fdch autorov, zapo\u017ei\u010danie \u017eehli\u010dky, pripojenie na internet cez wifi.<\/li>\n<li class=\"circle_arrow\">Ubytovan\u00fdm hos\u0165om pon\u00fakame mo\u017enos\u0165 vyu\u017ei\u0165 na\u0161u spoplatnen\u00fa slu\u017ebu prania bielizne.<\/li>\n<li class=\"circle_arrow\">Pobyt s dom\u00e1cim mil\u00e1\u010dikom na noc:\u00a0nie je povolen\u00e9.<\/li>\n<li class=\"circle_arrow\">Na ka\u017ed\u00fa osobu\/noc je \u00fa\u010dtovan\u00fd miestny ubytovac\u00ed poplatok (stanoven\u00fd miestnou samospr\u00e1vou) vo v\u00fd\u0161ke 2,00\u20ac.<\/li>\n<\/ul>\n<p>[\/vc_column_text][\/vc_column][\/vc_row][vc_row][vc_column][vc_empty_space height=&#8220;50px&#8220;][\/vc_column][\/vc_row]<\/p>\n<\/div>","protected":false},"excerpt":{"rendered":"<p>[vc_row css=&#8220;.vc_custom_1741359084301{margin-right: 0px !important;margin-left: 0px !important;}&#8220;][vc_column parallax=&#8220;content-moving&#8220; parallax_image=&#8220;486&#8243; css=&#8220;.vc_custom_1566485295660{margin-top: -60px !important;margin-right: 0px !important;padding-top: 200px !important;padding-right: 0px !important;padding-bottom: 200px !important;}&#8220;][\/vc_column][\/vc_row][vc_row][\/vc_row][vc_row][vc_column][vc_column_text css=&#8220;&#8220;] Ra\u0148ajky pod\u00e1vame formou bufetu v re\u0161taur\u00e1cii, alebo V\u00e1m ra\u0148ajky, pod\u013ea V\u00e1\u0161ho v\u00fdberu, serv\u00edrujeme na izbe (slu\u017eba m\u00f4\u017ee by\u0165 spoplatnen\u00e1). Ra\u0148ajky vo forme \u0161v\u00e9dskych stolov\u00a0s\u00fa v cene izby. Ubytovan\u00ed hostia maj\u00fa parkovanie v bezprostrednej bl\u00edzkosti hotela&hellip;<\/p>\n","protected":false},"author":1,"featured_media":0,"parent":0,"menu_order":10,"comment_status":"closed","ping_status":"closed","template":"","meta":{"footnotes":""},"class_list":["post-53","page","type-page","status-publish","hentry","description-off"],"yoast_head":"<!-- This site is optimized with the Yoast SEO plugin v27.0 - https:\/\/yoast.com\/product\/yoast-seo-wordpress\/ -->\n<title>Ubytovanie - Hotel CITY **** Galanta<\/title>\n<meta name=\"robots\" content=\"index, follow, max-snippet:-1, max-image-preview:large, max-video-preview:-1\" \/>\n<link rel=\"canonical\" href=\"https:\/\/www.hotelcitygalanta.sk\/hcg\/ubytovanie\/\" \/>\n<meta property=\"og:locale\" content=\"sk_SK\" \/>\n<meta property=\"og:type\" content=\"article\" \/>\n<meta property=\"og:title\" content=\"Ubytovanie - Hotel CITY **** Galanta\" \/>\n<meta property=\"og:description\" content=\"[vc_row css=&#8220;.vc_custom_1741359084301{margin-right: 0px !important;margin-left: 0px !important;}&#8220;][vc_column parallax=&#8220;content-moving&#8220; parallax_image=&#8220;486&#8243; css=&#8220;.vc_custom_1566485295660{margin-top: -60px !important;margin-right: 0px !important;padding-top: 200px !important;padding-right: 0px !important;padding-bottom: 200px !important;}&#8220;][\/vc_column][\/vc_row][vc_row][\/vc_row][vc_row][vc_column][vc_column_text css=&#8220;&#8220;] Ra\u0148ajky pod\u00e1vame formou bufetu v re\u0161taur\u00e1cii, alebo V\u00e1m ra\u0148ajky, pod\u013ea V\u00e1\u0161ho v\u00fdberu, serv\u00edrujeme na izbe (slu\u017eba m\u00f4\u017ee by\u0165 spoplatnen\u00e1). Ra\u0148ajky vo forme \u0161v\u00e9dskych stolov\u00a0s\u00fa v cene izby. Ubytovan\u00ed hostia maj\u00fa parkovanie v bezprostrednej bl\u00edzkosti hotela&hellip;\" \/>\n<meta property=\"og:url\" content=\"https:\/\/www.hotelcitygalanta.sk\/hcg\/ubytovanie\/\" \/>\n<meta property=\"og:site_name\" content=\"Hotel CITY **** Galanta\" \/>\n<meta property=\"article:modified_time\" content=\"2026-01-20T10:33:54+00:00\" \/>\n<meta name=\"twitter:card\" content=\"summary_large_image\" \/>\n<meta name=\"twitter:label1\" content=\"Predpokladan\u00fd \u010das \u010d\u00edtania\" \/>\n\t<meta name=\"twitter:data1\" content=\"1 min\u00fata\" \/>\n<script type=\"application\/ld+json\" class=\"yoast-schema-graph\">{\"@context\":\"https:\/\/schema.org\",\"@graph\":[{\"@type\":\"WebPage\",\"@id\":\"https:\/\/www.hotelcitygalanta.sk\/hcg\/ubytovanie\/\",\"url\":\"https:\/\/www.hotelcitygalanta.sk\/hcg\/ubytovanie\/\",\"name\":\"Ubytovanie - Hotel CITY **** Galanta\",\"isPartOf\":{\"@id\":\"https:\/\/www.hotelcitygalanta.sk\/hcg\/#website\"},\"datePublished\":\"2025-02-23T04:58:58+00:00\",\"dateModified\":\"2026-01-20T10:33:54+00:00\",\"breadcrumb\":{\"@id\":\"https:\/\/www.hotelcitygalanta.sk\/hcg\/ubytovanie\/#breadcrumb\"},\"inLanguage\":\"sk-SK\",\"potentialAction\":[{\"@type\":\"ReadAction\",\"target\":[\"https:\/\/www.hotelcitygalanta.sk\/hcg\/ubytovanie\/\"]}]},{\"@type\":\"BreadcrumbList\",\"@id\":\"https:\/\/www.hotelcitygalanta.sk\/hcg\/ubytovanie\/#breadcrumb\",\"itemListElement\":[{\"@type\":\"ListItem\",\"position\":1,\"name\":\"Home\",\"item\":\"https:\/\/www.hotelcitygalanta.sk\/hcg\/\"},{\"@type\":\"ListItem\",\"position\":2,\"name\":\"Ubytovanie\"}]},{\"@type\":\"WebSite\",\"@id\":\"https:\/\/www.hotelcitygalanta.sk\/hcg\/#website\",\"url\":\"https:\/\/www.hotelcitygalanta.sk\/hcg\/\",\"name\":\"Hotel CITY **** Galanta\",\"description\":\"Business hotel v centre Galanty\",\"potentialAction\":[{\"@type\":\"SearchAction\",\"target\":{\"@type\":\"EntryPoint\",\"urlTemplate\":\"https:\/\/www.hotelcitygalanta.sk\/hcg\/?s={search_term_string}\"},\"query-input\":{\"@type\":\"PropertyValueSpecification\",\"valueRequired\":true,\"valueName\":\"search_term_string\"}}],\"inLanguage\":\"sk-SK\"}]}<\/script>\n<!-- \/ Yoast SEO plugin. -->","yoast_head_json":{"title":"Ubytovanie - Hotel CITY **** Galanta","robots":{"index":"index","follow":"follow","max-snippet":"max-snippet:-1","max-image-preview":"max-image-preview:large","max-video-preview":"max-video-preview:-1"},"canonical":"https:\/\/www.hotelcitygalanta.sk\/hcg\/ubytovanie\/","og_locale":"sk_SK","og_type":"article","og_title":"Ubytovanie - Hotel CITY **** Galanta","og_description":"[vc_row css=&#8220;.vc_custom_1741359084301{margin-right: 0px !important;margin-left: 0px !important;}&#8220;][vc_column parallax=&#8220;content-moving&#8220; parallax_image=&#8220;486&#8243; css=&#8220;.vc_custom_1566485295660{margin-top: -60px !important;margin-right: 0px !important;padding-top: 200px !important;padding-right: 0px !important;padding-bottom: 200px !important;}&#8220;][\/vc_column][\/vc_row][vc_row][\/vc_row][vc_row][vc_column][vc_column_text css=&#8220;&#8220;] Ra\u0148ajky pod\u00e1vame formou bufetu v re\u0161taur\u00e1cii, alebo V\u00e1m ra\u0148ajky, pod\u013ea V\u00e1\u0161ho v\u00fdberu, serv\u00edrujeme na izbe (slu\u017eba m\u00f4\u017ee by\u0165 spoplatnen\u00e1). Ra\u0148ajky vo forme \u0161v\u00e9dskych stolov\u00a0s\u00fa v cene izby. Ubytovan\u00ed hostia maj\u00fa parkovanie v bezprostrednej bl\u00edzkosti hotela&hellip;","og_url":"https:\/\/www.hotelcitygalanta.sk\/hcg\/ubytovanie\/","og_site_name":"Hotel CITY **** Galanta","article_modified_time":"2026-01-20T10:33:54+00:00","twitter_card":"summary_large_image","twitter_misc":{"Predpokladan\u00fd \u010das \u010d\u00edtania":"1 min\u00fata"},"schema":{"@context":"https:\/\/schema.org","@graph":[{"@type":"WebPage","@id":"https:\/\/www.hotelcitygalanta.sk\/hcg\/ubytovanie\/","url":"https:\/\/www.hotelcitygalanta.sk\/hcg\/ubytovanie\/","name":"Ubytovanie - Hotel CITY **** Galanta","isPartOf":{"@id":"https:\/\/www.hotelcitygalanta.sk\/hcg\/#website"},"datePublished":"2025-02-23T04:58:58+00:00","dateModified":"2026-01-20T10:33:54+00:00","breadcrumb":{"@id":"https:\/\/www.hotelcitygalanta.sk\/hcg\/ubytovanie\/#breadcrumb"},"inLanguage":"sk-SK","potentialAction":[{"@type":"ReadAction","target":["https:\/\/www.hotelcitygalanta.sk\/hcg\/ubytovanie\/"]}]},{"@type":"BreadcrumbList","@id":"https:\/\/www.hotelcitygalanta.sk\/hcg\/ubytovanie\/#breadcrumb","itemListElement":[{"@type":"ListItem","position":1,"name":"Home","item":"https:\/\/www.hotelcitygalanta.sk\/hcg\/"},{"@type":"ListItem","position":2,"name":"Ubytovanie"}]},{"@type":"WebSite","@id":"https:\/\/www.hotelcitygalanta.sk\/hcg\/#website","url":"https:\/\/www.hotelcitygalanta.sk\/hcg\/","name":"Hotel CITY **** Galanta","description":"Business hotel v centre Galanty","potentialAction":[{"@type":"SearchAction","target":{"@type":"EntryPoint","urlTemplate":"https:\/\/www.hotelcitygalanta.sk\/hcg\/?s={search_term_string}"},"query-input":{"@type":"PropertyValueSpecification","valueRequired":true,"valueName":"search_term_string"}}],"inLanguage":"sk-SK"}]}},"_links":{"self":[{"href":"https:\/\/www.hotelcitygalanta.sk\/hcg\/wp-json\/wp\/v2\/pages\/53","targetHints":{"allow":["GET"]}}],"collection":[{"href":"https:\/\/www.hotelcitygalanta.sk\/hcg\/wp-json\/wp\/v2\/pages"}],"about":[{"href":"https:\/\/www.hotelcitygalanta.sk\/hcg\/wp-json\/wp\/v2\/types\/page"}],"author":[{"embeddable":true,"href":"https:\/\/www.hotelcitygalanta.sk\/hcg\/wp-json\/wp\/v2\/users\/1"}],"replies":[{"embeddable":true,"href":"https:\/\/www.hotelcitygalanta.sk\/hcg\/wp-json\/wp\/v2\/comments?post=53"}],"version-history":[{"count":7,"href":"https:\/\/www.hotelcitygalanta.sk\/hcg\/wp-json\/wp\/v2\/pages\/53\/revisions"}],"predecessor-version":[{"id":2687,"href":"https:\/\/www.hotelcitygalanta.sk\/hcg\/wp-json\/wp\/v2\/pages\/53\/revisions\/2687"}],"wp:attachment":[{"href":"https:\/\/www.hotelcitygalanta.sk\/hcg\/wp-json\/wp\/v2\/media?parent=53"}],"curies":[{"name":"wp","href":"https:\/\/api.w.org\/{rel}","templated":true}]}}