{"id":2443,"date":"2025-03-12T17:01:13","date_gmt":"2025-03-12T16:01:13","guid":{"rendered":"https:\/\/www.hotelcitygalanta.sk\/hcg\/?page_id=2443"},"modified":"2025-06-03T23:54:06","modified_gmt":"2025-06-03T21:54:06","slug":"restauracia-a-stravovanie","status":"publish","type":"page","link":"https:\/\/www.hotelcitygalanta.sk\/hcg\/sluzby\/restauracia-a-stravovanie\/","title":{"rendered":"Re\u0161taur\u00e1cia a stravovanie"},"content":{"rendered":"<div class=\"wpb-content-wrapper\"><p>[vc_row type=&#8220;vc_default&#8220;][vc_column css=&#8220;.vc_custom_1731515658181{padding-top: 30px !important;padding-bottom: 20px !important;}&#8220;]<style type=\"text\/css\" data-type=\"the7_shortcodes-inline-css\">.shortcode-single-image-wrap.shortcode-single-image-2193acb8aad28b322732e0daacbf6e7f.enable-bg-rollover .rollover i,\n.shortcode-single-image-wrap.shortcode-single-image-2193acb8aad28b322732e0daacbf6e7f.enable-bg-rollover .rollover-video i {\n  background: -webkit-linear-gradient();\n  background: linear-gradient();\n}\n.shortcode-single-image-wrap.shortcode-single-image-2193acb8aad28b322732e0daacbf6e7f .rollover-icon {\n  font-size: 32px;\n  color: #ffffff;\n  min-width: 44px;\n  min-height: 44px;\n  line-height: 44px;\n  border-radius: 100px;\n  border-style: solid;\n  border-width: 0px;\n}\n.dt-icon-bg-on.shortcode-single-image-wrap.shortcode-single-image-2193acb8aad28b322732e0daacbf6e7f .rollover-icon {\n  background: rgba(255,255,255,0.3);\n  box-shadow: none;\n}<\/style><div class=\"shortcode-single-image-wrap shortcode-single-image-2193acb8aad28b322732e0daacbf6e7f alignnone  vc_custom_1731500257866 enable-bg-rollover dt-icon-bg-off\" ><div class=\"shortcode-single-image\"><div class=\"fancy-media-wrap\" style=\"border-radius:500px;\"><a href=\"https:\/\/www.hotelcitygalanta.sk\/hcg\/sluzby\/restauracia-a-stravovanie\/\" class=\" layzr-bg rollover\" style=\"border-radius:500px;\" aria-label=\"Image\"><img decoding=\"async\" class=\"preload-me lazy-load aspect\" src=\"data:image\/svg+xml,%3Csvg%20xmlns%3D&#39;http%3A%2F%2Fwww.w3.org%2F2000%2Fsvg&#39;%20viewBox%3D&#39;0%200%20150%20150&#39;%2F%3E\" data-src=\"https:\/\/www.hotelcitygalanta.sk\/hcg\/wp-content\/uploads\/2024\/11\/guest-150x150.png\" data-srcset=\"https:\/\/www.hotelcitygalanta.sk\/hcg\/wp-content\/uploads\/2024\/11\/guest-150x150.png 150w, https:\/\/www.hotelcitygalanta.sk\/hcg\/wp-content\/uploads\/2024\/11\/guest-300x300.png 300w\" loading=\"eager\" style=\"--ratio: 150 \/ 150\" sizes=\"(max-width: 150px) 100vw, 150px\" width=\"150\" height=\"150\"  data-dt-location=\"https:\/\/www.hotelcitygalanta.sk\/hcg\/sluzby\/guest\/\" alt=\"\" \/><\/a><\/div><\/div><\/div>[vc_column_text css=&#8220;&#8220;]Gallery Restaurant funguje ako prev\u00e1dzka business Hotela CITY **** Galanta. Zauj\u00edmavos\u0165ou je, ako u\u017e n\u00e1zov napoved\u00e1, \u017ee v priestoroch re\u0161taur\u00e1cie sa nach\u00e1dza galerijn\u00fd syst\u00e9m, ktor\u00fd vyu\u017e\u00edvame na skr\u00e1\u0161lenie pristorov &#8211; v\u00fdstavami lok\u00e1lnych, \u010di vzdialenej\u0161\u00edch autorov malieb, fotografi\u00ed, alebo umeleck\u00fdch diel.<br \/>\nAk m\u00e1te z\u00e1ujem nav\u0161t\u00edvi\u0165 Gallery Restaurant, m\u00f4\u017eete si overi\u0165 dostupnos\u0165 a zarezervova\u0165 miesto pomocou t\u00fdchto <a href=\"https:\/\/www.hotelcitygalanta.sk\/hcg\/kontakt\/\">kontaktov<\/a>.<\/p>\n<p style=\"text-align: center;\"><strong>Obykle pon\u00fakame v\u00fdber z t\u00fdchto jed\u00e1l:<\/strong><\/p>\n<p style=\"text-align: center;\">Ra\u0148ajkov\u00e9 menu, Predjedl\u00e1, Polievky, Hlavn\u00e9 jedl\u00e1, \u0160al\u00e1ty, Dezerty, FIT Menu, Detsk\u00e9 menu<\/p>\n<p>[\/vc_column_text][vc_empty_space][\/vc_column][\/vc_row][vc_row bg_type=&#8220;bg_color&#8220; type=&#8220;vc_default&#8220; bg_color_value=&#8220;#f5f5f5&#8243;][vc_column css=&#8220;.vc_custom_1731515658181{padding-top: 30px !important;padding-bottom: 20px !important;}&#8220;][vc_empty_space]<div id=\"ultimate-heading-938269f50ac9dba1b\" class=\"uvc-heading ult-adjust-bottom-margin ultimate-heading-938269f50ac9dba1b uvc-426 \" data-hspacer=\"no_spacer\"  data-halign=\"left\" style=\"text-align:left\"><div class=\"uvc-heading-spacer no_spacer\" style=\"top\"><\/div><div class=\"uvc-main-heading ult-responsive\"  data-ultimate-target='.uvc-heading.ultimate-heading-938269f50ac9dba1b h2'  data-responsive-json-new='{\"font-size\":\"desktop:26px;\",\"line-height\":\"desktop:32px;\"}' ><h2 style=\"font-weight:bold;margin-bottom:20px;\">Business ra\u0148ajky<\/h2><\/div><\/div>[vc_column_text css=&#8220;&#8220;]<em>\u2026 ra\u0148ajky pod\u00e1vame pre verejnos\u0165 a hotelov\u00fdch host\u00ed, PO-PIA 7:00 \u2013 9:00, SO-NE\u00a0 7:30 \u2013 9:30\u2026<\/em><\/p>\n<p>&nbsp;<\/p>\n<p>Ubytovan\u00ed hostia maj\u00fa ra\u0148ajky v cene. Neubytovan\u00ed hostia si m\u00f4\u017eu zak\u00fapi\u0165\u00a0<em>Business ra\u0148ajky.\u00a0<\/em>Popros\u00edme nahl\u00e1si\u0165 po\u010det os\u00f4b a pribli\u017en\u00fd \u010das najmenej 1 de\u0148 vopred alebo si dostupnos\u0165 ra\u0148ajok pre verejnos\u0165 m\u00f4\u017eete overi\u0165 v dan\u00fd de\u0148 telefonicky.<\/p>\n<h3><\/h3>\n<ul>\n<li>V\u00fdber cere\u00e1li\u00ed a m\u00fcsli<\/li>\n<li>\u0160unkovo \u2013 syrov\u00fd tanier<\/li>\n<li>Varen\u00e9 p\u00e1rky<\/li>\n<li>Varen\u00e9 vaj\u00ed\u010dka na m\u00e4kko<\/li>\n<li>Varen\u00e9 vaj\u00ed\u010dka na tvrdo<\/li>\n<li>Pra\u017eenica<\/li>\n<li>Hemendex<\/li>\n<li>Omeleta<\/li>\n<li>Volsk\u00e9 o\u010di<\/li>\n<li>Pe\u010den\u00e1 slanina<\/li>\n<li>\u010cerstv\u00e9 pe\u010divo,<\/li>\n<li>Hrianky,<\/li>\n<li>Jogurty<\/li>\n<li>Maslo, ovocn\u00e9 d\u017eemy, med,<\/li>\n<li>\u0160unka<\/li>\n<li>Such\u00e1 sal\u00e1ma<\/li>\n<li>Slovensk\u00e9 syry<\/li>\n<li>\u010cerstv\u00e1 zelenina<\/li>\n<li>\u010cerstv\u00e9 ovocie<\/li>\n<li>Ra\u0148ajkov\u00e1 k\u00e1va a \u010daj<\/li>\n<li>Espresso, cappucino, latte macchiato<\/li>\n<li>Tepl\u00e9 mlieko<\/li>\n<li>D\u017e\u00fasy<\/li>\n<\/ul>\n<p>[\/vc_column_text][vc_empty_space height=&#8220;44px&#8220;][vc_column_text css=&#8220;&#8220;]<\/p>\n<p class=\"color-title\" style=\"text-align: left; padding-right: 50px;\"><strong>Business ra\u0148ajky pre ubytovan\u00fdch<\/strong><\/p>\n<p class=\"paint-accent-color\" style=\"text-align: right; margin-top: -33px;\"><strong>v cene ubytovania<br \/>\n<\/strong><\/p>\n<p class=\"color-title\" style=\"text-align: left; padding-right: 50px;\"><strong>Business ra\u0148ajky pre verejnos\u0165<\/strong><\/p>\n<p class=\"paint-accent-color\" style=\"text-align: right; margin-top: -33px;\"><strong>18,00\u20ac<\/strong><\/p>\n<p>[\/vc_column_text][vc_empty_space][\/vc_column][\/vc_row][vc_row type=&#8220;vc_default&#8220;][vc_column css=&#8220;.vc_custom_1731515658181{padding-top: 30px !important;padding-bottom: 20px !important;}&#8220;][vc_empty_space]<div id=\"ultimate-heading-373669f50ac9dba5e\" class=\"uvc-heading ult-adjust-bottom-margin ultimate-heading-373669f50ac9dba5e uvc-3248 \" data-hspacer=\"no_spacer\"  data-halign=\"left\" style=\"text-align:left\"><div class=\"uvc-heading-spacer no_spacer\" style=\"top\"><\/div><div class=\"uvc-main-heading ult-responsive\"  data-ultimate-target='.uvc-heading.ultimate-heading-373669f50ac9dba5e h2'  data-responsive-json-new='{\"font-size\":\"desktop:26px;\",\"line-height\":\"desktop:32px;\"}' ><h2 style=\"font-weight:bold;margin-bottom:20px;\">Hotelov\u00e9 obedov\u00e9 menu<\/h2><\/div><\/div>[vc_column_text css=&#8220;&#8220;]<strong>Pod\u00e1vanie denn\u00e9ho menu v re\u0161taur\u00e1cii Hotela CITY je preru\u0161en\u00e9.<\/strong><\/p>\n<p><strong>O obnoven\u00ed pod\u00e1vania obedov\u00e9ho menu zverejn\u00edme inform\u00e1cie tu na na\u0161ej str\u00e1nke a na facebooku.<\/strong><\/p>\n<p><strong>\u010eakujeme za porozumenie.<\/strong><\/p>\n<p>&nbsp;<\/p>\n<p>Posledn\u00e1 aktualiz\u00e1cia: 11.11.2024[\/vc_column_text][vc_empty_space][\/vc_column][\/vc_row][vc_row][vc_column][vc_empty_space][\/vc_column][\/vc_row]<\/p>\n<\/div>","protected":false},"excerpt":{"rendered":"<p>[vc_row type=&#8220;vc_default&#8220;][vc_column css=&#8220;.vc_custom_1731515658181{padding-top: 30px !important;padding-bottom: 20px !important;}&#8220;][vc_column_text css=&#8220;&#8220;]Gallery Restaurant funguje ako prev\u00e1dzka business Hotela CITY **** Galanta. Zauj\u00edmavos\u0165ou je, ako u\u017e n\u00e1zov napoved\u00e1, \u017ee v priestoroch re\u0161taur\u00e1cie sa nach\u00e1dza galerijn\u00fd syst\u00e9m, ktor\u00fd vyu\u017e\u00edvame na skr\u00e1\u0161lenie pristorov &#8211; v\u00fdstavami lok\u00e1lnych, \u010di vzdialenej\u0161\u00edch autorov malieb, fotografi\u00ed, alebo umeleck\u00fdch diel. Ak m\u00e1te z\u00e1ujem nav\u0161t\u00edvi\u0165 Gallery Restaurant, m\u00f4\u017eete si&hellip;<\/p>\n","protected":false},"author":1,"featured_media":0,"parent":1923,"menu_order":100,"comment_status":"closed","ping_status":"closed","template":"","meta":{"footnotes":""},"class_list":["post-2443","page","type-page","status-publish","hentry","description-off"],"yoast_head":"<!-- This site is optimized with the Yoast SEO plugin v27.0 - https:\/\/yoast.com\/product\/yoast-seo-wordpress\/ -->\n<title>Re\u0161taur\u00e1cia a stravovanie - Hotel CITY **** Galanta<\/title>\n<meta name=\"robots\" content=\"index, follow, max-snippet:-1, max-image-preview:large, max-video-preview:-1\" \/>\n<link rel=\"canonical\" href=\"https:\/\/www.hotelcitygalanta.sk\/hcg\/sluzby\/restauracia-a-stravovanie\/\" \/>\n<meta property=\"og:locale\" content=\"sk_SK\" \/>\n<meta property=\"og:type\" content=\"article\" \/>\n<meta property=\"og:title\" content=\"Re\u0161taur\u00e1cia a stravovanie - Hotel CITY **** Galanta\" \/>\n<meta property=\"og:description\" content=\"[vc_row type=&#8220;vc_default&#8220;][vc_column css=&#8220;.vc_custom_1731515658181{padding-top: 30px !important;padding-bottom: 20px !important;}&#8220;][vc_column_text css=&#8220;&#8220;]Gallery Restaurant funguje ako prev\u00e1dzka business Hotela CITY **** Galanta. Zauj\u00edmavos\u0165ou je, ako u\u017e n\u00e1zov napoved\u00e1, \u017ee v priestoroch re\u0161taur\u00e1cie sa nach\u00e1dza galerijn\u00fd syst\u00e9m, ktor\u00fd vyu\u017e\u00edvame na skr\u00e1\u0161lenie pristorov &#8211; v\u00fdstavami lok\u00e1lnych, \u010di vzdialenej\u0161\u00edch autorov malieb, fotografi\u00ed, alebo umeleck\u00fdch diel. Ak m\u00e1te z\u00e1ujem nav\u0161t\u00edvi\u0165 Gallery Restaurant, m\u00f4\u017eete si&hellip;\" \/>\n<meta property=\"og:url\" content=\"https:\/\/www.hotelcitygalanta.sk\/hcg\/sluzby\/restauracia-a-stravovanie\/\" \/>\n<meta property=\"og:site_name\" content=\"Hotel CITY **** Galanta\" \/>\n<meta property=\"article:modified_time\" content=\"2025-06-03T21:54:06+00:00\" \/>\n<meta name=\"twitter:card\" content=\"summary_large_image\" \/>\n<meta name=\"twitter:label1\" content=\"Predpokladan\u00fd \u010das \u010d\u00edtania\" \/>\n\t<meta name=\"twitter:data1\" content=\"3 min\u00faty\" \/>\n<script type=\"application\/ld+json\" class=\"yoast-schema-graph\">{\"@context\":\"https:\/\/schema.org\",\"@graph\":[{\"@type\":\"WebPage\",\"@id\":\"https:\/\/www.hotelcitygalanta.sk\/hcg\/sluzby\/restauracia-a-stravovanie\/\",\"url\":\"https:\/\/www.hotelcitygalanta.sk\/hcg\/sluzby\/restauracia-a-stravovanie\/\",\"name\":\"Re\u0161taur\u00e1cia a stravovanie - Hotel CITY **** Galanta\",\"isPartOf\":{\"@id\":\"https:\/\/www.hotelcitygalanta.sk\/hcg\/#website\"},\"datePublished\":\"2025-03-12T16:01:13+00:00\",\"dateModified\":\"2025-06-03T21:54:06+00:00\",\"breadcrumb\":{\"@id\":\"https:\/\/www.hotelcitygalanta.sk\/hcg\/sluzby\/restauracia-a-stravovanie\/#breadcrumb\"},\"inLanguage\":\"sk-SK\",\"potentialAction\":[{\"@type\":\"ReadAction\",\"target\":[\"https:\/\/www.hotelcitygalanta.sk\/hcg\/sluzby\/restauracia-a-stravovanie\/\"]}]},{\"@type\":\"BreadcrumbList\",\"@id\":\"https:\/\/www.hotelcitygalanta.sk\/hcg\/sluzby\/restauracia-a-stravovanie\/#breadcrumb\",\"itemListElement\":[{\"@type\":\"ListItem\",\"position\":1,\"name\":\"Home\",\"item\":\"https:\/\/www.hotelcitygalanta.sk\/hcg\/\"},{\"@type\":\"ListItem\",\"position\":2,\"name\":\"Ostatn\u00e9 slu\u017eby\",\"item\":\"https:\/\/www.hotelcitygalanta.sk\/hcg\/sluzby\/\"},{\"@type\":\"ListItem\",\"position\":3,\"name\":\"Re\u0161taur\u00e1cia a stravovanie\"}]},{\"@type\":\"WebSite\",\"@id\":\"https:\/\/www.hotelcitygalanta.sk\/hcg\/#website\",\"url\":\"https:\/\/www.hotelcitygalanta.sk\/hcg\/\",\"name\":\"Hotel CITY **** Galanta\",\"description\":\"Business hotel v centre Galanty\",\"potentialAction\":[{\"@type\":\"SearchAction\",\"target\":{\"@type\":\"EntryPoint\",\"urlTemplate\":\"https:\/\/www.hotelcitygalanta.sk\/hcg\/?s={search_term_string}\"},\"query-input\":{\"@type\":\"PropertyValueSpecification\",\"valueRequired\":true,\"valueName\":\"search_term_string\"}}],\"inLanguage\":\"sk-SK\"}]}<\/script>\n<!-- \/ Yoast SEO plugin. -->","yoast_head_json":{"title":"Re\u0161taur\u00e1cia a stravovanie - Hotel CITY **** Galanta","robots":{"index":"index","follow":"follow","max-snippet":"max-snippet:-1","max-image-preview":"max-image-preview:large","max-video-preview":"max-video-preview:-1"},"canonical":"https:\/\/www.hotelcitygalanta.sk\/hcg\/sluzby\/restauracia-a-stravovanie\/","og_locale":"sk_SK","og_type":"article","og_title":"Re\u0161taur\u00e1cia a stravovanie - Hotel CITY **** Galanta","og_description":"[vc_row type=&#8220;vc_default&#8220;][vc_column css=&#8220;.vc_custom_1731515658181{padding-top: 30px !important;padding-bottom: 20px !important;}&#8220;][vc_column_text css=&#8220;&#8220;]Gallery Restaurant funguje ako prev\u00e1dzka business Hotela CITY **** Galanta. Zauj\u00edmavos\u0165ou je, ako u\u017e n\u00e1zov napoved\u00e1, \u017ee v priestoroch re\u0161taur\u00e1cie sa nach\u00e1dza galerijn\u00fd syst\u00e9m, ktor\u00fd vyu\u017e\u00edvame na skr\u00e1\u0161lenie pristorov &#8211; v\u00fdstavami lok\u00e1lnych, \u010di vzdialenej\u0161\u00edch autorov malieb, fotografi\u00ed, alebo umeleck\u00fdch diel. Ak m\u00e1te z\u00e1ujem nav\u0161t\u00edvi\u0165 Gallery Restaurant, m\u00f4\u017eete si&hellip;","og_url":"https:\/\/www.hotelcitygalanta.sk\/hcg\/sluzby\/restauracia-a-stravovanie\/","og_site_name":"Hotel CITY **** Galanta","article_modified_time":"2025-06-03T21:54:06+00:00","twitter_card":"summary_large_image","twitter_misc":{"Predpokladan\u00fd \u010das \u010d\u00edtania":"3 min\u00faty"},"schema":{"@context":"https:\/\/schema.org","@graph":[{"@type":"WebPage","@id":"https:\/\/www.hotelcitygalanta.sk\/hcg\/sluzby\/restauracia-a-stravovanie\/","url":"https:\/\/www.hotelcitygalanta.sk\/hcg\/sluzby\/restauracia-a-stravovanie\/","name":"Re\u0161taur\u00e1cia a stravovanie - Hotel CITY **** Galanta","isPartOf":{"@id":"https:\/\/www.hotelcitygalanta.sk\/hcg\/#website"},"datePublished":"2025-03-12T16:01:13+00:00","dateModified":"2025-06-03T21:54:06+00:00","breadcrumb":{"@id":"https:\/\/www.hotelcitygalanta.sk\/hcg\/sluzby\/restauracia-a-stravovanie\/#breadcrumb"},"inLanguage":"sk-SK","potentialAction":[{"@type":"ReadAction","target":["https:\/\/www.hotelcitygalanta.sk\/hcg\/sluzby\/restauracia-a-stravovanie\/"]}]},{"@type":"BreadcrumbList","@id":"https:\/\/www.hotelcitygalanta.sk\/hcg\/sluzby\/restauracia-a-stravovanie\/#breadcrumb","itemListElement":[{"@type":"ListItem","position":1,"name":"Home","item":"https:\/\/www.hotelcitygalanta.sk\/hcg\/"},{"@type":"ListItem","position":2,"name":"Ostatn\u00e9 slu\u017eby","item":"https:\/\/www.hotelcitygalanta.sk\/hcg\/sluzby\/"},{"@type":"ListItem","position":3,"name":"Re\u0161taur\u00e1cia a stravovanie"}]},{"@type":"WebSite","@id":"https:\/\/www.hotelcitygalanta.sk\/hcg\/#website","url":"https:\/\/www.hotelcitygalanta.sk\/hcg\/","name":"Hotel CITY **** Galanta","description":"Business hotel v centre Galanty","potentialAction":[{"@type":"SearchAction","target":{"@type":"EntryPoint","urlTemplate":"https:\/\/www.hotelcitygalanta.sk\/hcg\/?s={search_term_string}"},"query-input":{"@type":"PropertyValueSpecification","valueRequired":true,"valueName":"search_term_string"}}],"inLanguage":"sk-SK"}]}},"_links":{"self":[{"href":"https:\/\/www.hotelcitygalanta.sk\/hcg\/wp-json\/wp\/v2\/pages\/2443","targetHints":{"allow":["GET"]}}],"collection":[{"href":"https:\/\/www.hotelcitygalanta.sk\/hcg\/wp-json\/wp\/v2\/pages"}],"about":[{"href":"https:\/\/www.hotelcitygalanta.sk\/hcg\/wp-json\/wp\/v2\/types\/page"}],"author":[{"embeddable":true,"href":"https:\/\/www.hotelcitygalanta.sk\/hcg\/wp-json\/wp\/v2\/users\/1"}],"replies":[{"embeddable":true,"href":"https:\/\/www.hotelcitygalanta.sk\/hcg\/wp-json\/wp\/v2\/comments?post=2443"}],"version-history":[{"count":6,"href":"https:\/\/www.hotelcitygalanta.sk\/hcg\/wp-json\/wp\/v2\/pages\/2443\/revisions"}],"predecessor-version":[{"id":2601,"href":"https:\/\/www.hotelcitygalanta.sk\/hcg\/wp-json\/wp\/v2\/pages\/2443\/revisions\/2601"}],"up":[{"embeddable":true,"href":"https:\/\/www.hotelcitygalanta.sk\/hcg\/wp-json\/wp\/v2\/pages\/1923"}],"wp:attachment":[{"href":"https:\/\/www.hotelcitygalanta.sk\/hcg\/wp-json\/wp\/v2\/media?parent=2443"}],"curies":[{"name":"wp","href":"https:\/\/api.w.org\/{rel}","templated":true}]}}